{"id":311262,"date":"2025-08-23T12:29:06","date_gmt":"2025-08-23T09:29:06","guid":{"rendered":"https:\/\/elysiumliving.eu\/?page_id=311262"},"modified":"2025-08-24T13:30:29","modified_gmt":"2025-08-24T10:30:29","slug":"procesas","status":"publish","type":"page","link":"https:\/\/elysiumliving.eu\/en\/procesas\/","title":{"rendered":"Procesas"},"content":{"rendered":"<p>[et_pb_section fb_built=&#8221;1&#8243; custom_padding_last_edited=&#8221;on|tablet&#8221; _builder_version=&#8221;4.27.4&#8243; _module_preset=&#8221;default&#8221; background_image=&#8221;https:\/\/elysiumliving.eu\/wp-content\/uploads\/2025\/08\/E7-scaled.jpg&#8221; background_position=&#8221;top_center&#8221; background_vertical_offset=&#8221;32%&#8221; custom_margin=&#8221;||0px|||&#8221; custom_padding=&#8221;91px||53px|||&#8221; custom_padding_tablet=&#8221;20px||0px||false|false&#8221; custom_padding_phone=&#8221;20px||0px||false|false&#8221; background_last_edited=&#8221;on|tablet&#8221; background_image_phone=&#8221;https:\/\/elysiumliving.eu\/wp-content\/uploads\/2025\/08\/E7-scaled.jpg&#8221; background_enable_image_phone=&#8221;on&#8221; background_position_tablet=&#8221;bottom_center&#8221; background_position_phone=&#8221;bottom_center&#8221; border_color_bottom=&#8221;#F7A7A3&#8243; border_radii_tablet=&#8221;&#8221; border_radii_phone=&#8221;&#8221; border_radii_last_edited=&#8221;on|phone&#8221; border_width_bottom_tablet=&#8221;1px&#8221; border_width_bottom_phone=&#8221;0px&#8221; border_width_bottom_last_edited=&#8221;on|tablet&#8221; global_colors_info=&#8221;{}&#8221;][et_pb_row custom_padding_last_edited=&#8221;on|phone&#8221; _builder_version=&#8221;4.27.4&#8243; _module_preset=&#8221;default&#8221; width=&#8221;78%&#8221; width_tablet=&#8221;80%&#8221; width_phone=&#8221;80%&#8221; width_last_edited=&#8221;on|tablet&#8221; module_alignment=&#8221;center&#8221; custom_padding=&#8221;58px|||||&#8221; custom_padding_tablet=&#8221;58px|||||&#8221; custom_padding_phone=&#8221;7px||0px||false|false&#8221; module_alignment_tablet=&#8221;center&#8221; module_alignment_phone=&#8221;center&#8221; module_alignment_last_edited=&#8221;on|tablet&#8221; global_colors_info=&#8221;{}&#8221;][et_pb_column type=&#8221;4_4&#8243; _builder_version=&#8221;4.27.4&#8243; _module_preset=&#8221;default&#8221; global_colors_info=&#8221;{}&#8221;][et_pb_image src=&#8221;https:\/\/elysiumliving.eu\/wp-content\/uploads\/2025\/08\/Artboard-5@4x.png&#8221; title_text=&#8221;Artboard 46@2x&#8221; src_tablet=&#8221;https:\/\/elysiumliving.eu\/wp-content\/uploads\/2025\/08\/Artboard-5@4x.png&#8221; src_phone=&#8221;https:\/\/elysiumliving.eu\/wp-content\/uploads\/2025\/08\/Artboard-46@2x.png&#8221; src_last_edited=&#8221;on|phone&#8221; disabled_on=&#8221;on|off|off&#8221; _builder_version=&#8221;4.27.4&#8243; _module_preset=&#8221;default&#8221; width=&#8221;21%&#8221; width_tablet=&#8221;30%&#8221; width_phone=&#8221;17%&#8221; width_last_edited=&#8221;on|tablet&#8221; module_alignment=&#8221;left&#8221; custom_margin=&#8221;||14px|||&#8221; global_colors_info=&#8221;{}&#8221;][\/et_pb_image][et_pb_text _builder_version=&#8221;4.27.4&#8243; _module_preset=&#8221;default&#8221; text_font=&#8221;Red Hat Regular||||||||&#8221; text_text_color=&#8221;#28416A&#8221; text_font_size=&#8221;25px&#8221; custom_margin=&#8221;20px|||||&#8221; text_line_height_tablet=&#8221;&#8221; text_line_height_phone=&#8221;30px&#8221; text_line_height_last_edited=&#8221;on|phone&#8221; global_colors_info=&#8221;{}&#8221;]<\/p>\n<p>From the First Idea to the Final Touch<\/p>\n<p>[\/et_pb_text][\/et_pb_column][\/et_pb_row][et_pb_row column_structure=&#8221;1_3,1_3,1_3&#8243; _builder_version=&#8221;4.27.4&#8243; _module_preset=&#8221;default&#8221; width=&#8221;78%&#8221; custom_margin=&#8221;19px|auto||auto||&#8221; hover_enabled=&#8221;0&#8243; global_colors_info=&#8221;{}&#8221; sticky_enabled=&#8221;0&#8243;][et_pb_column type=&#8221;1_3&#8243; _builder_version=&#8221;4.27.4&#8243; _module_preset=&#8221;default&#8221; hover_enabled=&#8221;0&#8243; global_colors_info=&#8221;{}&#8221; animation_style=&#8221;fade&#8221; animation_direction=&#8221;bottom&#8221; sticky_enabled=&#8221;0&#8243; scroll_horizontal_motion=&#8221;0|62|62|99|4|0|0&#8243;][et_pb_text _builder_version=&#8221;4.27.4&#8243; _module_preset=&#8221;default&#8221; text_font=&#8221;Luxurie||||||||&#8221; text_text_color=&#8221;#28416A&#8221; text_font_size=&#8221;32px&#8221; text_orientation=&#8221;right&#8221; custom_margin=&#8221;3px||-7px||false|false&#8221; custom_padding=&#8221;15px||15px||true|false&#8221; hover_enabled=&#8221;0&#8243; global_colors_info=&#8221;{}&#8221; sticky_enabled=&#8221;0&#8243; animation_direction=&#8221;left&#8221;]<\/p>\n<p>01<\/p>\n<p>[\/et_pb_text][et_pb_divider color=&#8221;#F7A7A3&#8243; divider_weight=&#8221;1px&#8221; _builder_version=&#8221;4.27.4&#8243; _module_preset=&#8221;default&#8221; custom_margin=&#8221;||-15px|||&#8221; custom_padding=&#8221;||1px|||&#8221; hover_enabled=&#8221;0&#8243; global_colors_info=&#8221;{}&#8221; animation_direction=&#8221;top&#8221; sticky_enabled=&#8221;0&#8243;][\/et_pb_divider][et_pb_text _builder_version=&#8221;4.27.4&#8243; _module_preset=&#8221;default&#8221; text_font=&#8221;Red Hat Semi||||||||&#8221; text_text_color=&#8221;#28416A&#8221; text_font_size=&#8221;20px&#8221; custom_margin=&#8221;3px||-7px||false|false&#8221; custom_padding=&#8221;5px||5px||true|false&#8221; hover_enabled=&#8221;0&#8243; global_colors_info=&#8221;{}&#8221; animation_direction=&#8221;bottom&#8221; sticky_enabled=&#8221;0&#8243;]<\/p>\n<p>Consultation &amp; Vision<\/p>\n<p>[\/et_pb_text][et_pb_text _builder_version=&#8221;4.27.4&#8243; _module_preset=&#8221;default&#8221; text_font=&#8221;Red Hat Regular|||on|||||&#8221; text_text_color=&#8221;#C6A394&#8243; text_line_height=&#8221;1.3em&#8221; custom_margin=&#8221;3px||0px||false|false&#8221; custom_padding=&#8221;16px||16px||true|false&#8221; hover_enabled=&#8221;0&#8243; global_colors_info=&#8221;{}&#8221; animation_direction=&#8221;bottom&#8221; sticky_enabled=&#8221;0&#8243;]<\/p>\n<p>EVERYTHING BEGINS WITH A<br \/>CONVERSATION<\/p>\n<p>[\/et_pb_text][et_pb_text _builder_version=&#8221;4.27.4&#8243; _module_preset=&#8221;default&#8221; text_font=&#8221;Red Hat Regular||||||||&#8221; text_text_color=&#8221;#28416A&#8221; text_font_size=&#8221;16px&#8221; width=&#8221;100%&#8221; module_alignment=&#8221;center&#8221; hover_enabled=&#8221;0&#8243; global_colors_info=&#8221;{}&#8221; animation_direction=&#8221;bottom&#8221; sticky_enabled=&#8221;0&#8243;]<\/p>\n<p>About what you feel, what you wish to experience, and what you want to create. We listen \u2014 not to what we have to offer, but to what matters most to you.<\/p>\n<p>[\/et_pb_text][\/et_pb_column][et_pb_column type=&#8221;1_3&#8243; _builder_version=&#8221;4.27.4&#8243; _module_preset=&#8221;default&#8221; hover_enabled=&#8221;0&#8243; global_colors_info=&#8221;{}&#8221; animation_direction=&#8221;bottom&#8221; animation_delay=&#8221;100ms&#8221; sticky_enabled=&#8221;0&#8243; animation_style=&#8221;fade&#8221; scroll_horizontal_motion=&#8221;0|64|64|99|4|0|-4&#8243;][et_pb_text _builder_version=&#8221;4.27.4&#8243; _module_preset=&#8221;default&#8221; text_font=&#8221;Luxurie||||||||&#8221; text_text_color=&#8221;#28416A&#8221; text_font_size=&#8221;32px&#8221; text_orientation=&#8221;right&#8221; custom_margin=&#8221;3px||-7px||false|false&#8221; custom_padding=&#8221;15px||15px||true|false&#8221; global_colors_info=&#8221;{}&#8221; animation_direction=&#8221;left&#8221; sticky_enabled=&#8221;0&#8243; hover_enabled=&#8221;0&#8243;]<\/p>\n<p>02<\/p>\n<p>[\/et_pb_text][et_pb_divider color=&#8221;#F7A7A3&#8243; divider_weight=&#8221;1px&#8221; _builder_version=&#8221;4.27.4&#8243; _module_preset=&#8221;default&#8221; custom_margin=&#8221;||-15px|||&#8221; custom_padding=&#8221;||1px|||&#8221; hover_enabled=&#8221;0&#8243; global_colors_info=&#8221;{}&#8221; sticky_enabled=&#8221;0&#8243;][\/et_pb_divider][et_pb_text _builder_version=&#8221;4.27.4&#8243; _module_preset=&#8221;default&#8221; text_font=&#8221;Red Hat Semi||||||||&#8221; text_text_color=&#8221;#28416A&#8221; text_font_size=&#8221;20px&#8221; custom_margin=&#8221;3px||-7px||false|false&#8221; custom_padding=&#8221;5px||5px||true|false&#8221; global_colors_info=&#8221;{}&#8221;]<\/p>\n<p>Smart Home Architecture<\/p>\n<p>[\/et_pb_text][et_pb_text _builder_version=&#8221;4.27.4&#8243; _module_preset=&#8221;default&#8221; text_font=&#8221;Red Hat Regular|||on|||||&#8221; text_text_color=&#8221;#C6A394&#8243; text_line_height=&#8221;1.3em&#8221; custom_margin=&#8221;3px||0px||false|false&#8221; custom_padding=&#8221;16px||16px||true|false&#8221; global_colors_info=&#8221;{}&#8221;]<\/p>\n<p>SYNERGY BETWEEN AESTHETICS,<br \/>FUNCTION, AND SENSATION<\/p>\n<p>[\/et_pb_text][et_pb_text _builder_version=&#8221;4.27.4&#8243; _module_preset=&#8221;default&#8221; text_font=&#8221;Red Hat Regular||||||||&#8221; text_text_color=&#8221;#28416A&#8221; text_font_size=&#8221;16px&#8221; width=&#8221;100%&#8221; module_alignment=&#8221;center&#8221; global_colors_info=&#8221;{}&#8221;]<\/p>\n<p>We embed technology into architecture so subtly that it remains invisible, yet deeply perceptible. Homes that feel.<\/p>\n<p>[\/et_pb_text][\/et_pb_column][et_pb_column type=&#8221;1_3&#8243; _builder_version=&#8221;4.27.4&#8243; _module_preset=&#8221;default&#8221; hover_enabled=&#8221;0&#8243; global_colors_info=&#8221;{}&#8221; animation_style=&#8221;fade&#8221; animation_direction=&#8221;bottom&#8221; animation_delay=&#8221;200ms&#8221; sticky_enabled=&#8221;0&#8243; scroll_horizontal_motion=&#8221;0|62|62|99|4|0|-4&#8243;][et_pb_text _builder_version=&#8221;4.27.4&#8243; _module_preset=&#8221;default&#8221; text_font=&#8221;Luxurie||||||||&#8221; text_text_color=&#8221;#28416A&#8221; text_font_size=&#8221;32px&#8221; text_orientation=&#8221;right&#8221; custom_margin=&#8221;3px||-7px||false|false&#8221; custom_padding=&#8221;15px||15px||true|false&#8221; global_colors_info=&#8221;{}&#8221; animation_direction=&#8221;left&#8221; sticky_enabled=&#8221;0&#8243; hover_enabled=&#8221;0&#8243;]<\/p>\n<p>03<\/p>\n<p>[\/et_pb_text][et_pb_divider color=&#8221;#F7A7A3&#8243; divider_weight=&#8221;1px&#8221; _builder_version=&#8221;4.27.4&#8243; _module_preset=&#8221;default&#8221; custom_margin=&#8221;||-15px|||&#8221; custom_padding=&#8221;||1px|||&#8221; global_colors_info=&#8221;{}&#8221;][\/et_pb_divider][et_pb_text _builder_version=&#8221;4.27.4&#8243; _module_preset=&#8221;default&#8221; text_font=&#8221;Red Hat Semi||||||||&#8221; text_text_color=&#8221;#28416A&#8221; text_font_size=&#8221;20px&#8221; custom_margin=&#8221;3px||-7px||false|false&#8221; custom_padding=&#8221;5px||5px||true|false&#8221; hover_enabled=&#8221;0&#8243; global_colors_info=&#8221;{}&#8221; sticky_enabled=&#8221;0&#8243;]<\/p>\n<p>Installation &amp; Implementation<\/p>\n<p>[\/et_pb_text][et_pb_text _builder_version=&#8221;4.27.4&#8243; _module_preset=&#8221;default&#8221; text_font=&#8221;Red Hat Regular|||on|||||&#8221; text_text_color=&#8221;#C6A394&#8243; text_line_height=&#8221;1.3em&#8221; custom_margin=&#8221;3px||0px||false|false&#8221; custom_padding=&#8221;16px||16px||true|false&#8221; global_colors_info=&#8221;{}&#8221;]<\/p>\n<p>UNOBTRUSIVELY EXECUTED, <br \/>PRECISELY DELIVERED<\/p>\n<p>[\/et_pb_text][et_pb_text _builder_version=&#8221;4.27.4&#8243; _module_preset=&#8221;default&#8221; text_font=&#8221;Red Hat Regular||||||||&#8221; text_text_color=&#8221;#28416A&#8221; text_font_size=&#8221;16px&#8221; width=&#8221;100%&#8221; module_alignment=&#8221;center&#8221; global_colors_info=&#8221;{}&#8221;]<\/p>\n<p>Our team ensures technology becomes invisible while the experience remains unforgettable. Every solution is carried out with meticulous attention to detail and aesthetics.<\/p>\n<p>[\/et_pb_text][\/et_pb_column][\/et_pb_row][et_pb_row column_structure=&#8221;1_3,1_3,1_3&#8243; custom_padding_last_edited=&#8221;on|phone&#8221; _builder_version=&#8221;4.27.4&#8243; _module_preset=&#8221;default&#8221; width=&#8221;78%&#8221; custom_padding_tablet=&#8221;&#8221; custom_padding_phone=&#8221;0px||||false|false&#8221; hover_enabled=&#8221;0&#8243; global_colors_info=&#8221;{}&#8221; sticky_enabled=&#8221;0&#8243;][et_pb_column type=&#8221;1_3&#8243; _builder_version=&#8221;4.27.4&#8243; _module_preset=&#8221;default&#8221; hover_enabled=&#8221;0&#8243; global_colors_info=&#8221;{}&#8221; animation_direction=&#8221;bottom&#8221; sticky_enabled=&#8221;0&#8243; animation_delay=&#8221;300ms&#8221; animation_style=&#8221;fade&#8221;][et_pb_text _builder_version=&#8221;4.27.4&#8243; _module_preset=&#8221;default&#8221; text_font=&#8221;Luxurie||||||||&#8221; text_text_color=&#8221;#28416A&#8221; text_font_size=&#8221;32px&#8221; text_orientation=&#8221;right&#8221; custom_margin=&#8221;3px||-7px||false|false&#8221; custom_padding=&#8221;15px||15px||true|false&#8221; global_colors_info=&#8221;{}&#8221; sticky_enabled=&#8221;0&#8243; animation_direction=&#8221;left&#8221; hover_enabled=&#8221;0&#8243;]<\/p>\n<p>04<\/p>\n<p>[\/et_pb_text][et_pb_divider color=&#8221;#F7A7A3&#8243; divider_weight=&#8221;1px&#8221; _builder_version=&#8221;4.27.4&#8243; _module_preset=&#8221;default&#8221; custom_margin=&#8221;||-15px|||&#8221; custom_padding=&#8221;||1px|||&#8221; global_colors_info=&#8221;{}&#8221;][\/et_pb_divider][et_pb_text _builder_version=&#8221;4.27.4&#8243; _module_preset=&#8221;default&#8221; text_font=&#8221;Red Hat Semi||||||||&#8221; text_text_color=&#8221;#28416A&#8221; text_font_size=&#8221;20px&#8221; custom_margin=&#8221;3px||-7px||false|false&#8221; custom_padding=&#8221;5px||5px||true|false&#8221; global_colors_info=&#8221;{}&#8221;]<\/p>\n<p>Control &amp; Automation<\/p>\n<p>[\/et_pb_text][et_pb_text _builder_version=&#8221;4.27.4&#8243; _module_preset=&#8221;default&#8221; text_font=&#8221;Red Hat Regular|||on|||||&#8221; text_text_color=&#8221;#C6A394&#8243; text_line_height=&#8221;1.3em&#8221; custom_margin=&#8221;3px||0px||false|false&#8221; custom_padding=&#8221;16px||16px||true|false&#8221; global_colors_info=&#8221;{}&#8221;]<\/p>\n<p>WHEN YOUR ENTIRE SPACE BREATHES<br \/>WITH YOUR RHYTHM<\/p>\n<p>[\/et_pb_text][et_pb_text _builder_version=&#8221;4.27.4&#8243; _module_preset=&#8221;default&#8221; text_font=&#8221;Red Hat Regular||||||||&#8221; text_text_color=&#8221;#28416A&#8221; text_font_size=&#8221;16px&#8221; width=&#8221;100%&#8221; module_alignment=&#8221;center&#8221; global_colors_info=&#8221;{}&#8221;]<\/p>\n<p>Scenarios that intuitively know when you rest, when you work, and when you welcome guests for dinner. Thoughtfully designed solutions where function and beauty merge into a single experience \u2014 the quality of living.<\/p>\n<p>[\/et_pb_text][\/et_pb_column][et_pb_column type=&#8221;1_3&#8243; _builder_version=&#8221;4.27.4&#8243; _module_preset=&#8221;default&#8221; hover_enabled=&#8221;0&#8243; global_colors_info=&#8221;{}&#8221; animation_style=&#8221;fade&#8221; sticky_enabled=&#8221;0&#8243; animation_delay=&#8221;400ms&#8221;][et_pb_text _builder_version=&#8221;4.27.4&#8243; _module_preset=&#8221;default&#8221; text_font=&#8221;Luxurie||||||||&#8221; text_text_color=&#8221;#28416A&#8221; text_font_size=&#8221;32px&#8221; text_orientation=&#8221;right&#8221; custom_margin=&#8221;3px||-7px||false|false&#8221; custom_padding=&#8221;15px||15px||true|false&#8221; global_colors_info=&#8221;{}&#8221;]<\/p>\n<p>05<\/p>\n<p>[\/et_pb_text][et_pb_divider color=&#8221;#F7A7A3&#8243; divider_weight=&#8221;1px&#8221; _builder_version=&#8221;4.27.4&#8243; _module_preset=&#8221;default&#8221; custom_margin=&#8221;||-15px|||&#8221; custom_padding=&#8221;||1px|||&#8221; global_colors_info=&#8221;{}&#8221;][\/et_pb_divider][et_pb_text _builder_version=&#8221;4.27.4&#8243; _module_preset=&#8221;default&#8221; text_font=&#8221;Red Hat Semi||||||||&#8221; text_text_color=&#8221;#28416A&#8221; text_font_size=&#8221;20px&#8221; custom_margin=&#8221;3px||-7px||false|false&#8221; custom_padding=&#8221;5px||5px||true|false&#8221; global_colors_info=&#8221;{}&#8221;]<\/p>\n<p>Maintenance &amp; Support<\/p>\n<p>[\/et_pb_text][et_pb_text _builder_version=&#8221;4.27.4&#8243; _module_preset=&#8221;default&#8221; text_font=&#8221;Red Hat Regular|||on|||||&#8221; text_text_color=&#8221;#C6A394&#8243; text_line_height=&#8221;1.3em&#8221; custom_margin=&#8221;3px||0px||false|false&#8221; custom_padding=&#8221;16px||16px||true|false&#8221; global_colors_info=&#8221;{}&#8221;]<\/p>\n<p>DISCREET CARE<\/p>\n<p>[\/et_pb_text][et_pb_text _builder_version=&#8221;4.27.4&#8243; _module_preset=&#8221;default&#8221; text_font=&#8221;Red Hat Regular||||||||&#8221; text_text_color=&#8221;#28416A&#8221; text_font_size=&#8221;16px&#8221; width=&#8221;100%&#8221; module_alignment=&#8221;center&#8221; global_colors_info=&#8221;{}&#8221;]<\/p>\n<p>What is created with care deserves to be preserved with respect. We monitor, protect, and respond before you even notice the need.<\/p>\n<p>[\/et_pb_text][\/et_pb_column][et_pb_column type=&#8221;1_3&#8243; _builder_version=&#8221;4.27.4&#8243; _module_preset=&#8221;default&#8221; hover_enabled=&#8221;0&#8243; global_colors_info=&#8221;{}&#8221; sticky_enabled=&#8221;0&#8243;][\/et_pb_column][\/et_pb_row][\/et_pb_section]<\/p>","protected":false},"excerpt":{"rendered":"<p>Nuo pirmos minties iki paskutinio prisilietimo01Konsultacija ir vizijaViskas prasidedanuo pokalbioApie tai, k\u0105 jau\u010diate, k\u0105 norite patirti, k\u0105 norisi sukurti. Mes \u012fsiklausome \u2013 ne \u012f tai, k\u0105 turime pasi\u016blyti, o \u012f tai, kas Jums svarbu.02ProjektavimasSinergija tarp estetikos,funkcijos ir poj\u016b\u010dioTechnologijas \u012fra\u0161ome \u012f architekt\u016br\u0105 taip, kad jos likt\u0173 nepastebimos, bet juntamos. Namai kurie jau\u010dia.03\u012erengimas ir diegimas\u012egyvendiname nepastebimai, bet [&hellip;]<\/p>","protected":false},"author":1,"featured_media":0,"parent":0,"menu_order":0,"comment_status":"closed","ping_status":"closed","template":"","meta":{"_et_pb_use_builder":"on","_et_pb_old_content":"","_et_gb_content_width":"","footnotes":""},"class_list":["post-311262","page","type-page","status-publish","hentry"],"_links":{"self":[{"href":"https:\/\/elysiumliving.eu\/en\/wp-json\/wp\/v2\/pages\/311262","targetHints":{"allow":["GET"]}}],"collection":[{"href":"https:\/\/elysiumliving.eu\/en\/wp-json\/wp\/v2\/pages"}],"about":[{"href":"https:\/\/elysiumliving.eu\/en\/wp-json\/wp\/v2\/types\/page"}],"author":[{"embeddable":true,"href":"https:\/\/elysiumliving.eu\/en\/wp-json\/wp\/v2\/users\/1"}],"replies":[{"embeddable":true,"href":"https:\/\/elysiumliving.eu\/en\/wp-json\/wp\/v2\/comments?post=311262"}],"version-history":[{"count":46,"href":"https:\/\/elysiumliving.eu\/en\/wp-json\/wp\/v2\/pages\/311262\/revisions"}],"predecessor-version":[{"id":311953,"href":"https:\/\/elysiumliving.eu\/en\/wp-json\/wp\/v2\/pages\/311262\/revisions\/311953"}],"wp:attachment":[{"href":"https:\/\/elysiumliving.eu\/en\/wp-json\/wp\/v2\/media?parent=311262"}],"curies":[{"name":"wp","href":"https:\/\/api.w.org\/{rel}","templated":true}]}}