{"id":311277,"date":"2025-08-23T13:20:20","date_gmt":"2025-08-23T10:20:20","guid":{"rendered":"https:\/\/elysiumliving.eu\/?page_id=311277"},"modified":"2025-09-24T17:57:43","modified_gmt":"2025-09-24T14:57:43","slug":"kontaktai","status":"publish","type":"page","link":"https:\/\/elysiumliving.eu\/en\/kontaktai\/","title":{"rendered":"Contact"},"content":{"rendered":"<p>[et_pb_section fb_built=&#8221;1&#8243; custom_padding_last_edited=&#8221;on|tablet&#8221; _builder_version=&#8221;4.27.4&#8243; _module_preset=&#8221;default&#8221; background_color=&#8221;#FEF1EF&#8221; background_image=&#8221;https:\/\/elysiumliving.eu\/wp-content\/uploads\/2025\/08\/Elysium-Contact1.jpg&#8221; background_position=&#8221;top_center&#8221; custom_padding=&#8221;64px||117px|||&#8221; custom_padding_tablet=&#8221;64px||30px||false|false&#8221; custom_padding_phone=&#8221;0px||20px||false|false&#8221; animation_style=&#8221;fade&#8221; animation_duration=&#8221;1500ms&#8221; background_last_edited=&#8221;on|phone&#8221; background_image_tablet=&#8221;https:\/\/elysiumliving.eu\/wp-content\/uploads\/2025\/08\/Elysium-Contact-tablet-1.jpg&#8221; background_image_phone=&#8221;https:\/\/elysiumliving.eu\/wp-content\/uploads\/2025\/08\/Elysium-Contact-Mob5.jpg&#8221; background_enable_image_tablet=&#8221;on&#8221; background_enable_image_phone=&#8221;on&#8221; background_size_phone=&#8221;contain&#8221; background_position_tablet=&#8221;top_right&#8221; background_position_phone=&#8221;top_left&#8221; global_colors_info=&#8221;{}&#8221;][et_pb_row column_structure=&#8221;1_2,1_2&#8243; _builder_version=&#8221;4.27.4&#8243; _module_preset=&#8221;default&#8221; global_colors_info=&#8221;{}&#8221;][et_pb_column type=&#8221;1_2&#8243; _builder_version=&#8221;4.27.4&#8243; _module_preset=&#8221;default&#8221; global_colors_info=&#8221;{}&#8221;][\/et_pb_column][et_pb_column type=&#8221;1_2&#8243; _builder_version=&#8221;4.27.4&#8243; _module_preset=&#8221;default&#8221; global_colors_info=&#8221;{}&#8221;][et_pb_text _builder_version=&#8221;4.27.4&#8243; _module_preset=&#8221;default&#8221; text_font=&#8221;Red Hat Regular||||||||&#8221; text_text_color=&#8221;#28416A&#8221; text_font_size=&#8221;30px&#8221; text_line_height=&#8221;1.2em&#8221; width=&#8221;100%&#8221; module_alignment=&#8221;center&#8221; custom_margin=&#8221;30px||17px|||&#8221; custom_margin_tablet=&#8221;30px||17px|||&#8221; custom_margin_phone=&#8221;30px||17px||false|false&#8221; custom_margin_last_edited=&#8221;on|phone&#8221; custom_padding_tablet=&#8221;&#8221; custom_padding_phone=&#8221;|||170px|false|false&#8221; custom_padding_last_edited=&#8221;on|phone&#8221; text_font_size_tablet=&#8221;30px&#8221; text_font_size_phone=&#8221;22px&#8221; text_font_size_last_edited=&#8221;on|phone&#8221; global_colors_info=&#8221;{}&#8221;]<\/p>\n<p>Let's Connect<\/p>\n<p>[\/et_pb_text][et_pb_text _builder_version=&#8221;4.27.4&#8243; _module_preset=&#8221;default&#8221; text_font=&#8221;Red Hat Regular||||||||&#8221; text_text_color=&#8221;#28416A&#8221; text_font_size=&#8221;20px&#8221; text_line_height=&#8221;1.2em&#8221; width=&#8221;100%&#8221; module_alignment=&#8221;center&#8221; custom_margin=&#8221;-10px||-3px|||&#8221; custom_padding=&#8221;7px||13px|||&#8221; custom_padding_tablet=&#8221;7px||13px|||&#8221; custom_padding_phone=&#8221;7px||13px|170px|false|false&#8221; custom_padding_last_edited=&#8221;on|phone&#8221; text_font_size_tablet=&#8221;20px&#8221; text_font_size_phone=&#8221;15px&#8221; text_font_size_last_edited=&#8221;on|phone&#8221; global_colors_info=&#8221;{}&#8221;]<\/p>\n<p><a href=\"mailto:info@elysiumliving.eu\">info@elysiumliving.eu<\/a><\/p>\n<p>[\/et_pb_text][et_pb_text _builder_version=&#8221;4.27.4&#8243; _module_preset=&#8221;default&#8221; text_font=&#8221;Red Hat Regular|&#8211;et_global_body_font_weight|||||||&#8221; text_text_color=&#8221;#28416A&#8221; text_font_size=&#8221;21px&#8221; text_line_height=&#8221;1.2em&#8221; width=&#8221;100%&#8221; module_alignment=&#8221;center&#8221; custom_margin=&#8221;-10px||3px|||&#8221; custom_padding=&#8221;7px||19px|||&#8221; custom_padding_tablet=&#8221;7px||19px|||&#8221; custom_padding_phone=&#8221;7px||19px|170px|false|false&#8221; custom_padding_last_edited=&#8221;on|phone&#8221; hover_enabled=&#8221;0&#8243; text_font_size_tablet=&#8221;21px&#8221; text_font_size_phone=&#8221;14px&#8221; text_font_size_last_edited=&#8221;on|phone&#8221; global_colors_info=&#8221;{}&#8221; sticky_enabled=&#8221;0&#8243;]<\/p>\n<p><a href=\"tel:+37067778995\">+370 677 78 995<\/a><\/p>\n<p>[\/et_pb_text][dnxte_button _builder_version=&#8221;4.27.4&#8243; _module_preset=&#8221;default&#8221; button_text=&#8221;  vCard&#8221; btn_fonts_font=&#8221;Red Hat Regular||||||||&#8221; btn_fonts_text_color=&#8221;#FEF1EF&#8221; btn_fonts_font_size=&#8221;16px&#8221; background_color=&#8221;#28416A&#8221; btn_icon=&#8221;&#xf47f;||fa||900&#8243; btn_on_hover=&#8221;off&#8221; btn_icon_placement=&#8221;left&#8221; btn_icon_color=&#8221;#FEF1EF&#8221; border_radii_btn_border=&#8221;on|60px|60px|60px|60px&#8221; hover_enabled=&#8221;0&#8243; sticky_enabled=&#8221;0&#8243; button_link=&#8221;https:\/\/elysiumliving.eu\/wp-content\/uploads\/2025\/09\/Kerutis_Svajunas.vcf&#8221; border_width_all_btn_border=&#8221;0px&#8221; dnxt_hover_bg_color=&#8221;#F7A7A3&#8243; dnxt_hover_bg=&#8221;dnxt-hover-fade&#8221; custom_margin_last_edited=&#8221;on|phone&#8221; custom_margin_phone=&#8221;|||170px|false|false&#8221; dnxt_button_alignment=&#8221;left&#8221;][\/dnxte_button][et_pb_contact_form captcha=&#8221;off&#8221; email=&#8221;elysiumliving108@gmail.com &#8221; custom_message=&#8221;Gautas lai\u0161kas i\u0161 elysiumliving.eu puslapio.||et_pb_line_break_holder||||et_pb_line_break_holder||Vardas:  %%name%%||et_pb_line_break_holder||El-pa\u0161tas: %%email%%||et_pb_line_break_holder||||et_pb_line_break_holder||Lai\u0161kas: %%message%%&#8221; success_message=&#8221;D\u0117kojame! J\u016bs\u0173 \u017einut\u0117 s\u0117kmingai i\u0161si\u0173sta. Mes netrukus su Jumis susisieksime.&#8221; submit_button_text=&#8221;SI\u016aSTI&#8221; _builder_version=&#8221;4.27.4&#8243; _module_preset=&#8221;_initial&#8221; _unique_id=&#8221;37352547-b97b-4413-85e2-b00056b20234&#8243; form_field_background_color=&#8221;RGBA(255,255,255,0)&#8221; form_field_text_color=&#8221;#28416A&#8221; form_field_custom_padding=&#8221;24px|0px|24px|0px|true|true&#8221; title_font=&#8221;Red Hat Regular||||||||&#8221; captcha_font=&#8221;Red Hat||||||||&#8221; captcha_text_color=&#8221;#28416A&#8221; captcha_font_size=&#8221;21px&#8221; form_field_font=&#8221;Red Hat Regular||||||||&#8221; form_field_font_size=&#8221;15px&#8221; custom_button=&#8221;on&#8221; button_text_size=&#8221;14px&#8221; button_text_color=&#8221;#28416A&#8221; button_bg_color=&#8221;#FDDFDD&#8221; button_border_color=&#8221;RGBA(255,255,255,0)&#8221; button_border_radius=&#8221;50px&#8221; button_letter_spacing=&#8221;0.1em&#8221; button_font=&#8221;Red Hat Regular||||||||&#8221; button_icon=&#8221;&#x35;||divi||400&#8243; button_icon_color=&#8221;#28416A&#8221; button_on_hover=&#8221;off&#8221; button_custom_margin=&#8221;20px||||false|false&#8221; button_custom_padding=&#8221;5px|30px|5px|20px|true|false&#8221; max_width=&#8221;760px&#8221; module_alignment=&#8221;center&#8221; custom_margin=&#8221;-5px||||false|false&#8221; custom_margin_tablet=&#8221;-5px||||false|false&#8221; custom_margin_phone=&#8221;30px||||false|false&#8221; custom_margin_last_edited=&#8221;on|phone&#8221; custom_padding=&#8221;||||false|false&#8221; animation_style=&#8221;slide&#8221; animation_direction=&#8221;left&#8221; animation_intensity_slide=&#8221;10%&#8221; form_field_font_size_tablet=&#8221;&#8221; form_field_font_size_phone=&#8221;14px&#8221; form_field_font_size_last_edited=&#8221;on|desktop&#8221; border_color_all=&#8221;#1644da&#8221; border_width_bottom=&#8221;1px&#8221; border_color_bottom=&#8221;rgba(0,0,0,0.29)&#8221; locked=&#8221;off&#8221; global_colors_info=&#8221;{}&#8221; button_bg_color__hover_enabled=&#8221;on|hover&#8221; button_bg_color__hover=&#8221;#1644da&#8221; button_bg_enable_color__hover=&#8221;on&#8221; button_text_color__hover_enabled=&#8221;on|desktop&#8221; button_text_color__hover=&#8221;#FFFFFF&#8221;][et_pb_contact_field field_id=&#8221;name&#8221; field_title=&#8221;Vardas&#8221; _builder_version=&#8221;4.27.4&#8243; _module_preset=&#8221;default&#8221; form_field_text_color=&#8221;#28416A&#8221; form_field_font=&#8221;Red Hat Regular||||||||&#8221; global_colors_info=&#8221;{}&#8221; button_text_size__hover_enabled=&#8221;off&#8221; button_one_text_size__hover_enabled=&#8221;off&#8221; button_two_text_size__hover_enabled=&#8221;off&#8221; button_text_color__hover_enabled=&#8221;off&#8221; button_one_text_color__hover_enabled=&#8221;off&#8221; button_two_text_color__hover_enabled=&#8221;off&#8221; button_border_width__hover_enabled=&#8221;off&#8221; button_one_border_width__hover_enabled=&#8221;off&#8221; button_two_border_width__hover_enabled=&#8221;off&#8221; button_border_color__hover_enabled=&#8221;off&#8221; button_one_border_color__hover_enabled=&#8221;off&#8221; button_two_border_color__hover_enabled=&#8221;off&#8221; button_border_radius__hover_enabled=&#8221;off&#8221; button_one_border_radius__hover_enabled=&#8221;off&#8221; button_two_border_radius__hover_enabled=&#8221;off&#8221; button_letter_spacing__hover_enabled=&#8221;off&#8221; button_one_letter_spacing__hover_enabled=&#8221;off&#8221; button_two_letter_spacing__hover_enabled=&#8221;off&#8221; button_bg_color__hover_enabled=&#8221;off&#8221; button_one_bg_color__hover_enabled=&#8221;off&#8221; button_two_bg_color__hover_enabled=&#8221;off&#8221;][\/et_pb_contact_field][et_pb_contact_field field_id=&#8221;email&#8221; field_title=&#8221;Pa\u0161tas&#8221; field_type=&#8221;email&#8221; _builder_version=&#8221;4.27.4&#8243; _module_preset=&#8221;default&#8221; global_colors_info=&#8221;{}&#8221; button_text_size__hover_enabled=&#8221;off&#8221; button_one_text_size__hover_enabled=&#8221;off&#8221; button_two_text_size__hover_enabled=&#8221;off&#8221; button_text_color__hover_enabled=&#8221;off&#8221; button_one_text_color__hover_enabled=&#8221;off&#8221; button_two_text_color__hover_enabled=&#8221;off&#8221; button_border_width__hover_enabled=&#8221;off&#8221; button_one_border_width__hover_enabled=&#8221;off&#8221; button_two_border_width__hover_enabled=&#8221;off&#8221; button_border_color__hover_enabled=&#8221;off&#8221; button_one_border_color__hover_enabled=&#8221;off&#8221; button_two_border_color__hover_enabled=&#8221;off&#8221; button_border_radius__hover_enabled=&#8221;off&#8221; button_one_border_radius__hover_enabled=&#8221;off&#8221; button_two_border_radius__hover_enabled=&#8221;off&#8221; button_letter_spacing__hover_enabled=&#8221;off&#8221; button_one_letter_spacing__hover_enabled=&#8221;off&#8221; button_two_letter_spacing__hover_enabled=&#8221;off&#8221; button_bg_color__hover_enabled=&#8221;off&#8221; button_one_bg_color__hover_enabled=&#8221;off&#8221; button_two_bg_color__hover_enabled=&#8221;off&#8221;][\/et_pb_contact_field][et_pb_contact_field field_id=&#8221;message&#8221; field_title=&#8221;Lai\u0161kas&#8221; field_type=&#8221;text&#8221; fullwidth_field=&#8221;on&#8221; _builder_version=&#8221;4.27.4&#8243; _module_preset=&#8221;default&#8221; global_colors_info=&#8221;{}&#8221; button_text_size__hover_enabled=&#8221;off&#8221; button_one_text_size__hover_enabled=&#8221;off&#8221; button_two_text_size__hover_enabled=&#8221;off&#8221; button_text_color__hover_enabled=&#8221;off&#8221; button_one_text_color__hover_enabled=&#8221;off&#8221; button_two_text_color__hover_enabled=&#8221;off&#8221; button_border_width__hover_enabled=&#8221;off&#8221; button_one_border_width__hover_enabled=&#8221;off&#8221; button_two_border_width__hover_enabled=&#8221;off&#8221; button_border_color__hover_enabled=&#8221;off&#8221; button_one_border_color__hover_enabled=&#8221;off&#8221; button_two_border_color__hover_enabled=&#8221;off&#8221; button_border_radius__hover_enabled=&#8221;off&#8221; button_one_border_radius__hover_enabled=&#8221;off&#8221; button_two_border_radius__hover_enabled=&#8221;off&#8221; button_letter_spacing__hover_enabled=&#8221;off&#8221; button_one_letter_spacing__hover_enabled=&#8221;off&#8221; button_two_letter_spacing__hover_enabled=&#8221;off&#8221; button_bg_color__hover_enabled=&#8221;off&#8221; button_one_bg_color__hover_enabled=&#8221;off&#8221; button_two_bg_color__hover_enabled=&#8221;off&#8221;][\/et_pb_contact_field][\/et_pb_contact_form][\/et_pb_column][\/et_pb_row][\/et_pb_section]<\/p>","protected":false},"excerpt":{"rendered":"<p>Susisiekimeinfo@elysiumliving.eu+370 677 78 995<div class=\"et_pb_with_border et_pb_module dnxte_button dnxte_button_0\">\n\t\t\t\t\n\t\t\t\t\n\t\t\t\t\n\t\t\t\t\n\t\t\t\t\n\t\t\t\t\n\t\t\t\t<div class=\"et_pb_module_inner\">\n\t\t\t\t\t<div class=\"dnxt-button-wrapper dnxt_button_alignment_left\">\r\n\t\t\t\t<a class=\"dnxt-btn-icon  dnxt-hover-fade   dnxt-btn-icon-on-hover\" href=\"https:\/\/elysiumliving.eu\/wp-content\/uploads\/2025\/09\/Kerutis_Svajunas.vcf\" target=\"_self\"><i class=\"\">\uf47f<\/i> vCard<\/a>\r\n\t\t\t<\/div>\n\t\t\t\t<\/div>\n\t\t\t<\/div><\/p>","protected":false},"author":1,"featured_media":0,"parent":0,"menu_order":0,"comment_status":"closed","ping_status":"closed","template":"","meta":{"_et_pb_use_builder":"on","_et_pb_old_content":"","_et_gb_content_width":"","footnotes":""},"class_list":["post-311277","page","type-page","status-publish","hentry"],"_links":{"self":[{"href":"https:\/\/elysiumliving.eu\/en\/wp-json\/wp\/v2\/pages\/311277","targetHints":{"allow":["GET"]}}],"collection":[{"href":"https:\/\/elysiumliving.eu\/en\/wp-json\/wp\/v2\/pages"}],"about":[{"href":"https:\/\/elysiumliving.eu\/en\/wp-json\/wp\/v2\/types\/page"}],"author":[{"embeddable":true,"href":"https:\/\/elysiumliving.eu\/en\/wp-json\/wp\/v2\/users\/1"}],"replies":[{"embeddable":true,"href":"https:\/\/elysiumliving.eu\/en\/wp-json\/wp\/v2\/comments?post=311277"}],"version-history":[{"count":38,"href":"https:\/\/elysiumliving.eu\/en\/wp-json\/wp\/v2\/pages\/311277\/revisions"}],"predecessor-version":[{"id":312103,"href":"https:\/\/elysiumliving.eu\/en\/wp-json\/wp\/v2\/pages\/311277\/revisions\/312103"}],"wp:attachment":[{"href":"https:\/\/elysiumliving.eu\/en\/wp-json\/wp\/v2\/media?parent=311277"}],"curies":[{"name":"wp","href":"https:\/\/api.w.org\/{rel}","templated":true}]}}